{"id":472,"date":"2018-05-31T20:08:55","date_gmt":"2018-05-31T20:08:55","guid":{"rendered":"http:\/\/pardieirotopografia.pt\/inicio\/?page_id=472"},"modified":"2018-06-17T22:07:10","modified_gmt":"2018-06-17T22:07:10","slug":"e-proprietario","status":"publish","type":"page","link":"https:\/\/pardieirotopografia.pt\/inicio\/e-proprietario\/","title":{"rendered":"\u00c9 Propriet\u00e1rio?"},"content":{"rendered":"<div id=\"pl-472\"  class=\"panel-layout\" ><div id=\"pg-472-0\"  class=\"panel-grid panel-has-style\" ><div class=\"siteorigin-panels-stretch panel-row-style panel-row-style-for-472-0\" style=\"padding: 0px 0; \" data-stretch-type=\"full-stretched\" data-overlay=\"true\" data-overlay-color=\"#000000\" ><div id=\"pgc-472-0-0\"  class=\"panel-grid-cell\" ><div id=\"panel-472-0-0-0\" class=\"so-panel widget widget_sow-image panel-first-child panel-last-child\" data-index=\"0\" ><div style=\"text-align: left;\" data-title-color=\"#443f3f\" data-headings-color=\"#443f3f\" class=\"panel-widget-style panel-widget-style-for-472-0-0-0\" ><div\n\t\t\t\n\t\t\tclass=\"so-widget-sow-image so-widget-sow-image-default-dbf295114b96-472\"\n\t\t\t\n\t\t>\n<div class=\"sow-image-container\">\n\t\t<img \n\tsrc=\"https:\/\/pardieirotopografia.pt\/inicio\/wp-content\/uploads\/2018\/06\/solucoes_e_proprietario-1.jpg\" width=\"1650\" height=\"637\" srcset=\"https:\/\/pardieirotopografia.pt\/inicio\/wp-content\/uploads\/2018\/06\/solucoes_e_proprietario-1.jpg 1650w, https:\/\/pardieirotopografia.pt\/inicio\/wp-content\/uploads\/2018\/06\/solucoes_e_proprietario-1-300x116.jpg 300w, https:\/\/pardieirotopografia.pt\/inicio\/wp-content\/uploads\/2018\/06\/solucoes_e_proprietario-1-768x296.jpg 768w, https:\/\/pardieirotopografia.pt\/inicio\/wp-content\/uploads\/2018\/06\/solucoes_e_proprietario-1-1024x395.jpg 1024w, https:\/\/pardieirotopografia.pt\/inicio\/wp-content\/uploads\/2018\/06\/solucoes_e_proprietario-1-830x320.jpg 830w, https:\/\/pardieirotopografia.pt\/inicio\/wp-content\/uploads\/2018\/06\/solucoes_e_proprietario-1-230x89.jpg 230w, https:\/\/pardieirotopografia.pt\/inicio\/wp-content\/uploads\/2018\/06\/solucoes_e_proprietario-1-350x135.jpg 350w, https:\/\/pardieirotopografia.pt\/inicio\/wp-content\/uploads\/2018\/06\/solucoes_e_proprietario-1-480x185.jpg 480w\" sizes=\"(max-width: 1650px) 100vw, 1650px\" title=\"solucoes_e_proprietario\" alt=\"\" \t\tclass=\"so-widget-image\"\/>\n\t<\/div>\n\n<\/div><\/div><\/div><\/div><\/div><\/div><div id=\"pg-472-1\"  class=\"panel-grid panel-has-style\" ><div class=\"siteorigin-panels-stretch panel-row-style panel-row-style-for-472-1\" style=\"padding: 0px 0; \" data-stretch-type=\"full-stretched\" data-overlay-color=\"#000000\" ><div id=\"pgc-472-1-0\"  class=\"panel-grid-cell panel-grid-cell-empty\" ><\/div><div id=\"pgc-472-1-1\"  class=\"panel-grid-cell panel-grid-cell-mobile-last\" ><div id=\"panel-472-1-1-0\" class=\"so-panel widget widget_sow-editor panel-first-child panel-last-child\" data-index=\"1\" ><div style=\"text-align: left;\" data-title-color=\"#443f3f\" data-headings-color=\"#443f3f\" class=\"panel-widget-style panel-widget-style-for-472-1-1-0\" ><div\n\t\t\t\n\t\t\tclass=\"so-widget-sow-editor so-widget-sow-editor-base\"\n\t\t\t\n\t\t>\n<div class=\"siteorigin-widget-tinymce textwidget\">\n\t<p><span style=\"color: #74916a;\"><strong>SERVI\u00c7OS<\/strong><\/span><\/p>\n<h3 style=\"text-align: justify;\">\u00c9 PROPRIET\u00c1RIO?<\/h3>\n<p>Se \u00e9 propriet\u00e1rio ou pretende construir uma casa, a Monte do Pardieiro oferece-lhe a melhor assist\u00eancia e servi\u00e7os em Topografia.<\/p>\n<p>&nbsp;<\/p>\n<h5><strong>Localiza\u00e7\u00e3o e Ajustes de Limites<\/strong><\/h5>\n<p style=\"text-align: justify;\">Localizar ou ajustar os limites do seu terreno com precis\u00e3o pode ser dif\u00edcil.<\/p>\n<p style=\"text-align: justify;\">Frequentemente, os marcos de propriedade n\u00e3o existem, encontram-se destru\u00eddos ou mal identificados, o que pode conduzir a erros na demarca\u00e7\u00e3o dos terrenos, com custos muito elevados.<\/p>\n<p style=\"text-align: justify;\">A Monte do Pardieiro tem acesso aos documentos necess\u00e1rios e o equipamento adequado para demarcar o seu terreno com exatid\u00e3o. Se pretende construir uma casa ou vedar uma parcela, e n\u00e3o conhece ou tem d\u00favida quanto aos limites do seu terreno, entre em contacto!<\/p>\n<p>&nbsp;<\/p>\n<h5><strong>Levantamentos Topogr\u00e1ficos<\/strong><\/h5>\n<p style=\"text-align: justify;\">Se tem um projeto em mente ou pretende simplesmente um mapa da sua propriedade, \u00e9 imprescind\u00edvel obter um levantamento topogr\u00e1fico \u00e0 medida das suas necessidades.<\/p>\n<p style=\"text-align: justify;\">Tipicamente, um levantamento topogr\u00e1fico inclui informa\u00e7\u00e3o de relevo (curvas de n\u00edvel), pontos de interesse (\u00e1rvores, veda\u00e7\u00f5es, edif\u00edcios), linhas subterr\u00e2neas de eletricidade e telecomunica\u00e7\u00f5es (quando a informa\u00e7\u00e3o se encontra dispon\u00edvel) e limites.<\/p>\n<p style=\"text-align: justify;\">A Monte do Pardieiro recolhe os dados necess\u00e1rios de forma eficiente e precisa, utilizando GPS para \u00e1reas abertas e de grande dimens\u00e3o, e esta\u00e7\u00e3o total para a medi\u00e7\u00e3o de locais de dif\u00edcil acesso. Os resultados s\u00e3o entregues em formato f\u00edsico ou em ficheiros digitais compat\u00edveis com o seu software.<\/p>\n<p>&nbsp;<\/p>\n<h5><strong>Modela\u00e7\u00e3o de Terraplanagens e Volumes<\/strong><\/h5>\n<p style=\"text-align: justify;\">Se planeia realizar uma escava\u00e7\u00e3o ou movimenta\u00e7\u00e3o de terras, \u00e9 necess\u00e1rio modelar e determinar a quantidade de material a movimentar, de forma a or\u00e7amentar a obra e adquirir licen\u00e7as para a sua realiza\u00e7\u00e3o.<\/p>\n<p style=\"text-align: justify;\">A partir de software especializado, modela-se o perfil do terreno existente, e atrav\u00e9s de compara\u00e7\u00e3o com o modelo do terreno pretendido, obt\u00e9m-se o volume e \u00e1rea de terra a movimentar, fundamentais para a boa execu\u00e7\u00e3o dos trabalhos.<\/p>\n<p>&nbsp;<\/p>\n<h5><b>Licenciamentos (constru\u00e7\u00f5es e infraestruturas)<\/b><\/h5>\n<p style=\"text-align: justify;\">Obter uma licen\u00e7a de constru\u00e7\u00e3o \u00e9 normalmente um requisito quando se pretende construir uma casa, sendo necess\u00e1rio que a sua localiza\u00e7\u00e3o esteja em concord\u00e2ncia com os projetos aprovados.<\/p>\n<p style=\"text-align: justify;\">A Monte do Pardieiro implanta a sua casa, e uma vez constru\u00edda, mede e confirma se est\u00e1 localizada corretamente.<\/p>\n<p>&nbsp;<\/p>\n<h5><strong>Servid\u00f5es<\/strong><\/h5>\n<p style=\"text-align: justify;\">Se necessita assegurar o seu direito legal sobre um terreno ou pr\u00e9dio, provavelmente ir\u00e1 necessitar de uma servid\u00e3o. Para tal \u00e9 necess\u00e1rio efetuar um levantamento cadastral, que abrange a localiza\u00e7\u00e3o das parcelas ou pr\u00e9dios, os seus limites, confronta\u00e7\u00f5es e determina\u00e7\u00e3o de \u00e1reas, podendo ser complementado pela identifica\u00e7\u00e3o dos propriet\u00e1rios e constru\u00e7\u00f5es.<\/p>\n<p style=\"text-align: justify;\">Executo levantamentos cadastrais que permitem obter as cartas e planos necess\u00e1rios \u00e0 obten\u00e7\u00e3o das suas servid\u00f5es.<\/p>\n<\/div>\n<\/div><\/div><\/div><\/div><div id=\"pgc-472-1-2\"  class=\"panel-grid-cell panel-grid-cell-empty\" ><\/div><\/div><\/div><div id=\"pg-472-2\"  class=\"panel-grid panel-has-style\" ><div class=\"siteorigin-panels-stretch panel-row-style panel-row-style-for-472-2\" style=\"padding: 0px 0; \" data-stretch-type=\"full-stretched\" data-overlay=\"true\" data-overlay-color=\"#000000\" ><div id=\"pgc-472-2-0\"  class=\"panel-grid-cell\" ><div id=\"panel-472-2-0-0\" class=\"so-panel widget widget_pagesinwidgets_page_section pagesinwidgets_page_section panel-first-child panel-last-child\" data-index=\"2\" ><div style=\"text-align: left;\" data-title-color=\"#443f3f\" data-headings-color=\"#443f3f\" class=\"panel-widget-style panel-widget-style-for-472-2-0-0\" >\t\t\t<div class=\"homepage_section\">\r\n\t\t\t\t<div id=\"pl-637\"  class=\"panel-layout\" ><div id=\"pg-637-0\"  class=\"panel-grid panel-has-style\" ><div style=\"padding: 100px 0; \" data-overlay=\"true\" data-overlay-color=\"#000000\" class=\"panel-row-style panel-row-style-for-637-0\" ><div id=\"pgc-637-0-0\"  class=\"panel-grid-cell panel-grid-cell-empty\" ><\/div><div id=\"pgc-637-0-1\"  class=\"panel-grid-cell\" ><div id=\"panel-637-0-1-0\" class=\"so-panel widget widget_sow-editor panel-first-child panel-last-child\" data-index=\"0\" ><div style=\"text-align: left;\" data-title-color=\"#443f3f\" data-headings-color=\"#443f3f\" class=\"panel-widget-style panel-widget-style-for-637-0-1-0\" ><div\n\t\t\t\n\t\t\tclass=\"so-widget-sow-editor so-widget-sow-editor-base\"\n\t\t\t\n\t\t>\n<div class=\"siteorigin-widget-tinymce textwidget\">\n\t<p><a href=\"skype:acallapez?call\"><img loading=\"lazy\" decoding=\"async\" class=\"alignnone size-full wp-image-639 aligncenter\" src=\"https:\/\/pardieirotopografia.pt\/inicio\/wp-content\/uploads\/2018\/06\/dot_skype.jpg\" alt=\"\" width=\"96\" height=\"90\" \/><\/a><\/p>\n<\/div>\n<\/div><\/div><\/div><\/div><div id=\"pgc-637-0-2\"  class=\"panel-grid-cell\" ><div id=\"panel-637-0-2-0\" class=\"so-panel widget widget_sow-editor panel-first-child panel-last-child\" data-index=\"1\" ><div style=\"text-align: left;\" data-title-color=\"#443f3f\" data-headings-color=\"#443f3f\" class=\"panel-widget-style panel-widget-style-for-637-0-2-0\" ><div\n\t\t\t\n\t\t\tclass=\"so-widget-sow-editor so-widget-sow-editor-base\"\n\t\t\t\n\t\t>\n<div class=\"siteorigin-widget-tinymce textwidget\">\n\t<p><a href=\"mailto:geral@pardieirotopografia.pt\"><img loading=\"lazy\" decoding=\"async\" class=\"aligncenter wp-image-638 size-full\" src=\"https:\/\/pardieirotopografia.pt\/inicio\/wp-content\/uploads\/2018\/06\/dot_email.jpg\" alt=\"\" width=\"101\" height=\"94\" \/><\/a><\/p>\n<\/div>\n<\/div><\/div><\/div><\/div><div id=\"pgc-637-0-3\"  class=\"panel-grid-cell panel-grid-cell-mobile-last\" ><div id=\"panel-637-0-3-0\" class=\"so-panel widget widget_sow-editor panel-first-child panel-last-child\" data-index=\"2\" ><div style=\"text-align: left;\" data-title-color=\"#443f3f\" data-headings-color=\"#443f3f\" class=\"panel-widget-style panel-widget-style-for-637-0-3-0\" ><div\n\t\t\t\n\t\t\tclass=\"so-widget-sow-editor so-widget-sow-editor-base\"\n\t\t\t\n\t\t>\n<div class=\"siteorigin-widget-tinymce textwidget\">\n\t<p><a href=\"tel:+351914058515\"><img loading=\"lazy\" decoding=\"async\" class=\"alignnone size-medium wp-image-640 aligncenter\" src=\"https:\/\/pardieirotopografia.pt\/inicio\/wp-content\/uploads\/2018\/06\/dot_phone.jpg\" alt=\"\" width=\"96\" height=\"90\" \/><\/a><\/p>\n<\/div>\n<\/div><\/div><\/div><\/div><div id=\"pgc-637-0-4\"  class=\"panel-grid-cell panel-grid-cell-empty\" ><\/div><\/div><\/div><\/div>\t\t\t\t<\/div>\r\n\t\t\t<\/div><\/div><\/div><\/div><\/div><div id=\"pg-472-3\"  class=\"panel-grid panel-has-style\" ><div class=\"siteorigin-panels-stretch panel-row-style panel-row-style-for-472-3\" style=\"padding: 100px 0; \" data-stretch-type=\"full-stretched\" data-overlay=\"true\" data-overlay-color=\"#000000\" ><div id=\"pgc-472-3-0\"  class=\"panel-grid-cell\" ><div id=\"panel-472-3-0-0\" class=\"so-panel widget widget_sow-editor panel-first-child panel-last-child\" data-index=\"3\" ><div style=\"text-align: left;\" data-title-color=\"#443f3f\" data-headings-color=\"#443f3f\" class=\"panel-widget-style panel-widget-style-for-472-3-0-0\" ><div\n\t\t\t\n\t\t\tclass=\"so-widget-sow-editor so-widget-sow-editor-base\"\n\t\t\t\n\t\t>\n<div class=\"siteorigin-widget-tinymce textwidget\">\n\t<h4 style=\"text-align: center;\"><a href=\"https:\/\/pardieirotopografia.pt\/inicio\/solucoes-para-a-agricultura\/\"><span style=\"color: #77936d;\">SOLU\u00c7\u00d5ES PARA A AGRICULTURA<\/span><\/a><\/h4>\n<\/div>\n<\/div><\/div><\/div><\/div><div id=\"pgc-472-3-1\"  class=\"panel-grid-cell\" ><div id=\"panel-472-3-1-0\" class=\"so-panel widget widget_sow-editor panel-first-child panel-last-child\" data-index=\"4\" ><div style=\"text-align: left;\" data-title-color=\"#443f3f\" data-headings-color=\"#443f3f\" class=\"panel-widget-style panel-widget-style-for-472-3-1-0\" ><div\n\t\t\t\n\t\t\tclass=\"so-widget-sow-editor so-widget-sow-editor-base\"\n\t\t\t\n\t\t>\n<div class=\"siteorigin-widget-tinymce textwidget\">\n\t<h4 style=\"text-align: center;\"><a href=\"https:\/\/pardieirotopografia.pt\/inicio\/construcao-e-arquitetura\/\"><span style=\"color: #77936d;\">CONSTRU\u00c7\u00c3O E ARQUITETURA<\/span><\/a><\/h4>\n<\/div>\n<\/div><\/div><\/div><\/div><div id=\"pgc-472-3-2\"  class=\"panel-grid-cell\" ><div id=\"panel-472-3-2-0\" class=\"so-panel widget widget_sow-editor panel-first-child panel-last-child\" data-index=\"5\" ><div style=\"text-align: left;\" data-title-color=\"#443f3f\" data-headings-color=\"#443f3f\" class=\"panel-widget-style panel-widget-style-for-472-3-2-0\" ><div\n\t\t\t\n\t\t\tclass=\"so-widget-sow-editor so-widget-sow-editor-base\"\n\t\t\t\n\t\t>\n<div class=\"siteorigin-widget-tinymce textwidget\">\n\t<h4 style=\"text-align: center;\"><span style=\"color: #ffffff;\">\u00c9 PROPRIET\u00c1RIO?<\/span><\/h4>\n<\/div>\n<\/div><\/div><\/div><\/div><\/div><\/div><\/div>","protected":false},"excerpt":{"rendered":"<p>SERVI\u00c7OS \u00c9 PROPRIET\u00c1RIO? Se \u00e9 propriet\u00e1rio ou pretende construir uma casa, a Monte do Pardieiro oferece-lhe a melhor assist\u00eancia e servi\u00e7os em Topografia. &nbsp; Localiza\u00e7\u00e3o e Ajustes de Limites Localizar ou ajustar os limites do seu terreno com precis\u00e3o pode ser dif\u00edcil. Frequentemente, os marcos de propriedade n\u00e3o existem, encontram-se destru\u00eddos ou mal identificados, o [&hellip;]<\/p>\n","protected":false},"author":3,"featured_media":0,"parent":0,"menu_order":0,"comment_status":"closed","ping_status":"closed","template":"page-templates\/page_fullwidth.php","meta":{"_joinchat":[],"footnotes":""},"class_list":["post-472","page","type-page","status-publish","hentry"],"_links":{"self":[{"href":"https:\/\/pardieirotopografia.pt\/inicio\/wp-json\/wp\/v2\/pages\/472","targetHints":{"allow":["GET"]}}],"collection":[{"href":"https:\/\/pardieirotopografia.pt\/inicio\/wp-json\/wp\/v2\/pages"}],"about":[{"href":"https:\/\/pardieirotopografia.pt\/inicio\/wp-json\/wp\/v2\/types\/page"}],"author":[{"embeddable":true,"href":"https:\/\/pardieirotopografia.pt\/inicio\/wp-json\/wp\/v2\/users\/3"}],"replies":[{"embeddable":true,"href":"https:\/\/pardieirotopografia.pt\/inicio\/wp-json\/wp\/v2\/comments?post=472"}],"version-history":[{"count":62,"href":"https:\/\/pardieirotopografia.pt\/inicio\/wp-json\/wp\/v2\/pages\/472\/revisions"}],"predecessor-version":[{"id":892,"href":"https:\/\/pardieirotopografia.pt\/inicio\/wp-json\/wp\/v2\/pages\/472\/revisions\/892"}],"wp:attachment":[{"href":"https:\/\/pardieirotopografia.pt\/inicio\/wp-json\/wp\/v2\/media?parent=472"}],"curies":[{"name":"wp","href":"https:\/\/api.w.org\/{rel}","templated":true}]}}